{"id":1112,"date":"2022-06-27T13:34:35","date_gmt":"2022-06-27T13:34:35","guid":{"rendered":"https:\/\/serkanaktas.com\/solar\/?page_id=1112"},"modified":"2023-04-15T10:45:00","modified_gmt":"2023-04-15T10:45:00","slug":"geschaeftsbedingungen","status":"publish","type":"page","link":"https:\/\/solariqde.de\/tr\/geschaeftsbedingungen\/","title":{"rendered":"Gesch\u00e4ftsbedingungen"},"content":{"rendered":"<section class=\"wpb_row bg-fixed\"><div class=\"container\"><div class=\"rows\"><div class=\"wpb_column vc_column_container one columns2\" ><div class=\"ak_column-inner\"><div class=\"wpb_wrapper\"><div class=\"vc_empty_space\"   style=\"height: 110px\"><span class=\"vc_empty_space_inner\"><\/span><\/div><\/div><\/div><\/div><\/div><\/div><\/section><section id=\"gesch\" class=\"wpb_row bg-fixed vc_custom_1676903044265 vc_row-has-fill\"><div class=\"container\">\n\t\t   <div class=\"twelve columns\" data-scrollreveal=\"enter top and move 150px over 1s\">\n           <div class=\"header-text\"><div class=\"header-shadow-text\">Gesch\u00e4ftsbedingungen<\/div>\n           <h1>Gesch\u00e4ftsbedingungen<\/h1><\/div><\/div><\/div><div class=\"container\"><div class=\"rows\"><div class=\"wpb_column vc_column_container one columns2\" ><div class=\"ak_column-inner\"><div class=\"wpb_wrapper\">\n\t<div class=\"wpb_text_column wpb_content_element\" >\n\t\t<div class=\"wpb_wrapper\">\n\t\t\t<p>Zuletzt aktualisiert: Nisan 15, 2023<\/p>\n<p>Bitte lesen Sie diese Nutzungsbedingungen (\u201eBedingungen\u201c, \u201eNutzungsbedingungen\u201c) sorgf\u00e4ltig durch, bevor Sie die https:\/\/solariqde.de-Website (der \u201eDienst\u201c) nutzen, die von SOLARIQ GMBH (\u201euns\u201c, \u201ewir\u201c oder \u201eunsere &#8220;).<\/p>\n<p>Ihr Zugriff auf und Ihre Nutzung des Dienstes h\u00e4ngt von Ihrer Annahme und Einhaltung dieser Bedingungen ab. Diese Bedingungen gelten f\u00fcr alle Besucher, Benutzer und andere, die auf den Dienst zugreifen oder ihn nutzen.<\/p>\n<p>Durch den Zugriff auf oder die Nutzung des Dienstes stimmen Sie zu, an diese Bedingungen gebunden zu sein. Wenn Sie mit einem Teil der Bedingungen nicht einverstanden sind, d\u00fcrfen Sie nicht auf den Dienst zugreifen.<\/p>\n<h2>Geistiges Eigentum<\/h2>\n<p>Der Dienst und seine urspr\u00fcnglichen Inhalte, Merkmale und Funktionen sind und bleiben das ausschlie\u00dfliche Eigentum von SOLARIQ GMBH und seinen Lizenzgebern.<\/p>\n<h2>Links zu anderen Websites<\/h2>\n<p>Unser Dienst kann Links zu Websites oder Diensten von Drittanbietern enthalten, die nicht Eigentum von SOLARIQ GMBH sind oder von ihm kontrolliert werden.<\/p>\n<p>SOLARIQ GMBH hat keine Kontrolle \u00fcber und \u00fcbernimmt keine Verantwortung f\u00fcr den Inhalt, die Datenschutzrichtlinien oder Praktiken von Websites oder Diensten Dritter. Sie erkennen ferner an und stimmen zu, dass  weder direkt noch indirekt f\u00fcr Sch\u00e4den oder Verluste verantwortlich oder haftbar ist, die durch oder im Zusammenhang mit der Nutzung oder dem Vertrauen auf solche verf\u00fcgbaren Inhalte, Waren oder Dienstleistungen verursacht oder angeblich verursacht wurden auf oder \u00fcber solche Websites oder Dienste.<\/p>\n<p>Wir empfehlen Ihnen dringend, die Allgemeinen Gesch\u00e4ftsbedingungen und Datenschutzrichtlinien aller Websites oder Dienste von Drittanbietern, die Sie besuchen, zu lesen.<\/p>\n<h2>Beendigung<\/h2>\n<p>Wir k\u00f6nnen den Zugang zu unserem Service ohne vorherige Ank\u00fcndigung oder Haftung aus irgendeinem Grund sofort k\u00fcndigen oder aussetzen, einschlie\u00dflich, aber nicht beschr\u00e4nkt auf, wenn Sie gegen die Bedingungen versto\u00dfen.<\/p>\n<p>Alle Bestimmungen der Bedingungen, die ihrer Natur nach die K\u00fcndigung \u00fcberleben sollten, bleiben auch nach der K\u00fcndigung bestehen, einschlie\u00dflich, aber nicht beschr\u00e4nkt auf Eigentumsbestimmungen, Gew\u00e4hrleistungsausschl\u00fcsse, Entsch\u00e4digung und Haftungsbeschr\u00e4nkungen.<\/p>\n<h2>Haftungsausschluss<\/h2>\n<p>Ihre Nutzung des Dienstes erfolgt auf Ihr alleiniges Risiko. Der Dienst wird \u201eWIE BESEHEN\u201c und \u201eWIE VERF\u00dcGBAR\u201c bereitgestellt. Der Service wird ohne ausdr\u00fcckliche oder stillschweigende Garantien jeglicher Art bereitgestellt, einschlie\u00dflich, aber nicht beschr\u00e4nkt auf stillschweigende Garantien der Marktg\u00e4ngigkeit, Eignung f\u00fcr einen bestimmten Zweck, Nichtverletzung oder Leistungsverlauf.<\/p>\n<h2>Geltendes Recht<\/h2>\n<p>Diese Bedingungen unterliegen den Gesetzen Deutschlands und werden in \u00dcbereinstimmung mit diesen ausgelegt, ohne R\u00fccksicht auf die Kollisionsnormen.<\/p>\n<p>Unser Vers\u00e4umnis, ein Recht oder eine Bestimmung dieser Bedingungen durchzusetzen, gilt nicht als Verzicht auf diese Rechte. Wenn eine Bestimmung dieser Bedingungen von einem Gericht f\u00fcr ung\u00fcltig oder nicht durchsetzbar befunden wird, bleiben die \u00fcbrigen Bestimmungen dieser Bedingungen in Kraft. Diese Bedingungen stellen die gesamte Vereinbarung zwischen uns in Bezug auf unseren Service dar und ersetzen alle vorherigen Vereinbarungen, die wir m\u00f6glicherweise zwischen uns in Bezug auf den Service getroffen haben.<\/p>\n<h2>\u00c4nderungen<\/h2>\n<p>Wir behalten uns das Recht vor, diese Bedingungen nach eigenem Ermessen jederzeit zu \u00e4ndern oder zu ersetzen. Wenn eine \u00dcberarbeitung wesentlich ist, werden wir versuchen, sie mindestens 30 Tage im Voraus mitzuteilen, bevor neue Bedingungen in Kraft treten. Was eine wesentliche \u00c4nderung darstellt, wird nach unserem alleinigen Ermessen bestimmt.<\/p>\n<p>Indem Sie nach Inkrafttreten dieser \u00dcberarbeitungen weiterhin auf unseren Dienst zugreifen oder ihn nutzen, stimmen Sie zu, an die \u00fcberarbeiteten Bedingungen gebunden zu sein. Wenn Sie den neuen Bedingungen nicht zustimmen, beenden Sie bitte die Nutzung des Dienstes.<\/p>\n<h2>Kontaktiere uns<\/h2>\n<p>Wenn Sie Fragen zu diesen Bedingungen haben, kontaktieren Sie uns bitte.<\/p>\n\n<div class=\"ct-ultimate-gdpr-container container\">\n\t\n        <button id=\"ct-ultimate-gdpr-terms-accept\" class=\"ct-ultimate-gdpr-button\"\n\t\t\t>\n\t\t\tAccept        <\/button>\n\n\t<\/div>\n\n\t\t<\/div>\n\t<\/div>\n<\/div><\/div><\/div><\/div><\/div><\/section>","protected":false},"excerpt":{"rendered":"Gesch\u00e4ftsbedingungen Gesch\u00e4ftsbedingungen Zuletzt aktualisiert: Nisan 15, 2023 Bitte lesen Sie diese Nutzungsbedingungen (\u201eBedingungen\u201c, \u201eNutzungsbedingungen\u201c) sorgf\u00e4ltig durch, bevor Sie die https:\/\/solariqde.de-Website (der \u201eDienst\u201c) nutzen, die von SOLARIQ GMBH (\u201euns\u201c, \u201ewir\u201c oder \u201eunsere \"). Ihr Zugriff auf und Ihre Nutzung des Dienstes h\u00e4ngt von Ihrer Annahme und Einhaltung dieser Bedingungen ab. Diese Bedingungen gelten f\u00fcr alle Besucher, [...]","protected":false},"author":1,"featured_media":0,"parent":0,"menu_order":0,"comment_status":"closed","ping_status":"closed","template":"page-templates\/template-canvas.php","meta":{"footnotes":""},"class_list":["post-1112","page","type-page","status-publish","hentry"],"acf":[],"yoast_head":"<!-- This site is optimized with the Yoast SEO Premium plugin v18.7 (Yoast SEO v20.3) - https:\/\/yoast.com\/wordpress\/plugins\/seo\/ -->\n<title>Gesch\u00e4ftsbedingungen - solarIQ - Ihr Partner f\u00fcr die Solarbranche<\/title>\n<meta name=\"robots\" content=\"index, follow, max-snippet:-1, max-image-preview:large, max-video-preview:-1\" \/>\n<link rel=\"canonical\" href=\"https:\/\/solariqde.de\/tr\/geschaeftsbedingungen\/\" \/>\n<meta property=\"og:locale\" content=\"tr_TR\" \/>\n<meta property=\"og:type\" content=\"article\" \/>\n<meta property=\"og:title\" content=\"Gesch\u00e4ftsbedingungen\" \/>\n<meta property=\"og:url\" content=\"https:\/\/solariqde.de\/tr\/geschaeftsbedingungen\/\" \/>\n<meta property=\"og:site_name\" content=\"solarIQ\" \/>\n<meta property=\"article:modified_time\" content=\"2023-04-15T10:45:00+00:00\" \/>\n<meta name=\"twitter:card\" content=\"summary_large_image\" \/>\n<meta name=\"twitter:label1\" content=\"Tahmini okuma s\u00fcresi\" \/>\n\t<meta name=\"twitter:data1\" content=\"4 dakika\" \/>\n<script type=\"application\/ld+json\" class=\"yoast-schema-graph\">{\"@context\":\"https:\/\/schema.org\",\"@graph\":[{\"@type\":\"WebPage\",\"@id\":\"https:\/\/solariqde.de\/geschaeftsbedingungen\/\",\"url\":\"https:\/\/solariqde.de\/geschaeftsbedingungen\/\",\"name\":\"Gesch\u00e4ftsbedingungen - solarIQ - Ihr Partner f\u00fcr die Solarbranche\",\"isPartOf\":{\"@id\":\"https:\/\/solariqde.de\/#website\"},\"datePublished\":\"2022-06-27T13:34:35+00:00\",\"dateModified\":\"2023-04-15T10:45:00+00:00\",\"breadcrumb\":{\"@id\":\"https:\/\/solariqde.de\/geschaeftsbedingungen\/#breadcrumb\"},\"inLanguage\":\"tr\",\"potentialAction\":[{\"@type\":\"ReadAction\",\"target\":[\"https:\/\/solariqde.de\/geschaeftsbedingungen\/\"]}]},{\"@type\":\"BreadcrumbList\",\"@id\":\"https:\/\/solariqde.de\/geschaeftsbedingungen\/#breadcrumb\",\"itemListElement\":[{\"@type\":\"ListItem\",\"position\":1,\"name\":\"Home\",\"item\":\"https:\/\/solariqde.de\/\"},{\"@type\":\"ListItem\",\"position\":2,\"name\":\"Gesch\u00e4ftsbedingungen\"}]},{\"@type\":\"WebSite\",\"@id\":\"https:\/\/solariqde.de\/#website\",\"url\":\"https:\/\/solariqde.de\/\",\"name\":\"solarIQ\",\"description\":\"Ihr Partner f\u00fcr die Solarbranche\",\"publisher\":{\"@id\":\"https:\/\/solariqde.de\/#organization\"},\"potentialAction\":[{\"@type\":\"SearchAction\",\"target\":{\"@type\":\"EntryPoint\",\"urlTemplate\":\"https:\/\/solariqde.de\/?s={search_term_string}\"},\"query-input\":\"required name=search_term_string\"}],\"inLanguage\":\"tr\"},{\"@type\":\"Organization\",\"@id\":\"https:\/\/solariqde.de\/#organization\",\"name\":\"solarIQ GmbH\",\"url\":\"https:\/\/solariqde.de\/\",\"logo\":{\"@type\":\"ImageObject\",\"inLanguage\":\"tr\",\"@id\":\"https:\/\/solariqde.de\/#\/schema\/logo\/image\/\",\"url\":\"https:\/\/serkanaktas.com\/solar\/wp-content\/uploads\/2022\/06\/solariQ-Gray-transparent.png\",\"contentUrl\":\"https:\/\/serkanaktas.com\/solar\/wp-content\/uploads\/2022\/06\/solariQ-Gray-transparent.png\",\"width\":1310,\"height\":300,\"caption\":\"solarIQ GmbH\"},\"image\":{\"@id\":\"https:\/\/solariqde.de\/#\/schema\/logo\/image\/\"}}]}<\/script>\n<!-- \/ Yoast SEO Premium plugin. -->","yoast_head_json":{"title":"Gesch\u00e4ftsbedingungen - solarIQ - Ihr Partner f\u00fcr die Solarbranche","robots":{"index":"index","follow":"follow","max-snippet":"max-snippet:-1","max-image-preview":"max-image-preview:large","max-video-preview":"max-video-preview:-1"},"canonical":"https:\/\/solariqde.de\/tr\/geschaeftsbedingungen\/","og_locale":"tr_TR","og_type":"article","og_title":"Gesch\u00e4ftsbedingungen","og_url":"https:\/\/solariqde.de\/tr\/geschaeftsbedingungen\/","og_site_name":"solarIQ","article_modified_time":"2023-04-15T10:45:00+00:00","twitter_card":"summary_large_image","twitter_misc":{"Tahmini okuma s\u00fcresi":"4 dakika"},"schema":{"@context":"https:\/\/schema.org","@graph":[{"@type":"WebPage","@id":"https:\/\/solariqde.de\/geschaeftsbedingungen\/","url":"https:\/\/solariqde.de\/geschaeftsbedingungen\/","name":"Gesch\u00e4ftsbedingungen - solarIQ - Ihr Partner f\u00fcr die Solarbranche","isPartOf":{"@id":"https:\/\/solariqde.de\/#website"},"datePublished":"2022-06-27T13:34:35+00:00","dateModified":"2023-04-15T10:45:00+00:00","breadcrumb":{"@id":"https:\/\/solariqde.de\/geschaeftsbedingungen\/#breadcrumb"},"inLanguage":"tr","potentialAction":[{"@type":"ReadAction","target":["https:\/\/solariqde.de\/geschaeftsbedingungen\/"]}]},{"@type":"BreadcrumbList","@id":"https:\/\/solariqde.de\/geschaeftsbedingungen\/#breadcrumb","itemListElement":[{"@type":"ListItem","position":1,"name":"Home","item":"https:\/\/solariqde.de\/"},{"@type":"ListItem","position":2,"name":"Gesch\u00e4ftsbedingungen"}]},{"@type":"WebSite","@id":"https:\/\/solariqde.de\/#website","url":"https:\/\/solariqde.de\/","name":"solarIQ","description":"Ihr Partner f\u00fcr die Solarbranche","publisher":{"@id":"https:\/\/solariqde.de\/#organization"},"potentialAction":[{"@type":"SearchAction","target":{"@type":"EntryPoint","urlTemplate":"https:\/\/solariqde.de\/?s={search_term_string}"},"query-input":"required name=search_term_string"}],"inLanguage":"tr"},{"@type":"Organization","@id":"https:\/\/solariqde.de\/#organization","name":"solarIQ GmbH","url":"https:\/\/solariqde.de\/","logo":{"@type":"ImageObject","inLanguage":"tr","@id":"https:\/\/solariqde.de\/#\/schema\/logo\/image\/","url":"https:\/\/serkanaktas.com\/solar\/wp-content\/uploads\/2022\/06\/solariQ-Gray-transparent.png","contentUrl":"https:\/\/serkanaktas.com\/solar\/wp-content\/uploads\/2022\/06\/solariQ-Gray-transparent.png","width":1310,"height":300,"caption":"solarIQ GmbH"},"image":{"@id":"https:\/\/solariqde.de\/#\/schema\/logo\/image\/"}}]}},"_links":{"self":[{"href":"https:\/\/solariqde.de\/tr\/wp-json\/wp\/v2\/pages\/1112","targetHints":{"allow":["GET"]}}],"collection":[{"href":"https:\/\/solariqde.de\/tr\/wp-json\/wp\/v2\/pages"}],"about":[{"href":"https:\/\/solariqde.de\/tr\/wp-json\/wp\/v2\/types\/page"}],"author":[{"embeddable":true,"href":"https:\/\/solariqde.de\/tr\/wp-json\/wp\/v2\/users\/1"}],"replies":[{"embeddable":true,"href":"https:\/\/solariqde.de\/tr\/wp-json\/wp\/v2\/comments?post=1112"}],"version-history":[{"count":7,"href":"https:\/\/solariqde.de\/tr\/wp-json\/wp\/v2\/pages\/1112\/revisions"}],"predecessor-version":[{"id":1374,"href":"https:\/\/solariqde.de\/tr\/wp-json\/wp\/v2\/pages\/1112\/revisions\/1374"}],"wp:attachment":[{"href":"https:\/\/solariqde.de\/tr\/wp-json\/wp\/v2\/media?parent=1112"}],"curies":[{"name":"wp","href":"https:\/\/api.w.org\/{rel}","templated":true}]}}