{"id":930,"date":"2022-06-23T17:55:42","date_gmt":"2022-06-23T17:55:42","guid":{"rendered":"https:\/\/serkanaktas.com\/solar\/?page_id=930"},"modified":"2023-04-15T10:48:33","modified_gmt":"2023-04-15T10:48:33","slug":"impressum","status":"publish","type":"page","link":"https:\/\/solariqde.de\/tr\/impressum\/","title":{"rendered":"Impressum"},"content":{"rendered":"<section class=\"wpb_row bg-fixed\"><div class=\"container\"><div class=\"rows\"><div class=\"wpb_column vc_column_container one columns2\" ><div class=\"ak_column-inner\"><div class=\"wpb_wrapper\"><div class=\"vc_empty_space\"   style=\"height: 110px\"><span class=\"vc_empty_space_inner\"><\/span><\/div><\/div><\/div><\/div><\/div><\/div><\/section><section id=\"impressum\" class=\"wpb_row bg-fixed vc_custom_1676903788188 vc_row-has-fill\"><div class=\"container\"><div class=\"rows\"><div class=\"wpb_column vc_column_container one columns2\" id=\"impressum\" ><div class=\"ak_column-inner\"><div class=\"wpb_wrapper\"><div class=\"vc_separator wpb_content_element vc_separator_align_left vc_sep_width_100 vc_sep_border_width_2 vc_sep_pos_align_left vc_sep_color_grey vc_custom_1656203478694 vc_separator-has-text\" ><span class=\"vc_sep_holder vc_sep_holder_l\"><span  class=\"vc_sep_line\"><\/span><\/span><div class=\"vc_icon_element vc_icon_element-outer vc_icon_element-align-left vc_icon_element-have-style\"><div class=\"vc_icon_element-inner vc_icon_element-color-mulled_wine vc_icon_element-have-style-inner vc_icon_element-size-sm vc_icon_element-style-rounded vc_icon_element-background vc_icon_element-background-color-grey\" ><span class=\"vc_icon_element-icon fas fa-map-marker-alt\" ><\/span><\/div><\/div><h4>Impressum<\/h4><span class=\"vc_sep_holder vc_sep_holder_r\"><span  class=\"vc_sep_line\"><\/span><\/span>\n<\/div>\n\t<div class=\"wpb_text_column wpb_content_element\" >\n\t\t<div class=\"wpb_wrapper\">\n\t\t\t<h6><strong>solarIQ GmbH<\/strong><\/h6>\n<h6><strong>Kurf\u00fcrstendamm 45<\/strong><\/h6>\n<h6><strong>10717 Berlin<\/strong><\/h6>\n\n\t\t<\/div>\n\t<\/div>\n\t\n\t<div class=\"contact-det\">\n\t\t<h6><i class=\"fab fa-internet-explorer\"><\/i>Web: www.solariqde.de<\/h6>\n\t\t<p><\/p>\n\t<\/div>\n\n\t\n\t<div class=\"contact-det\">\n\t\t<h6><i class=\"fas fa-envelope\"><\/i>E-Mail: backoffice@solariqde.de<\/h6>\n\t\t<p><\/p>\n\t<\/div>\n\n\t\n\t<div class=\"contact-det\">\n\t\t<h6><i class=\"fas fa-phone-square\"><\/i>Tel: 03022011731<\/h6>\n\t\t<p><\/p>\n\t<\/div>\n\n\t\n\t<div class=\"contact-det\">\n\t\t<h6><i class=\"fas fa-address-book\"><\/i>Gesch\u00e4ftsf\u00fchrer: Thomas Schmidt<\/h6>\n\t\t<p><\/p>\n\t<\/div>\n\n\t\n\t<div class=\"contact-det\">\n\t\t<h6><i class=\"fas fa-balance-scale\"><\/i>Zust\u00e4ndiges Gericht: Amtsgericht Charlottenburg<\/h6>\n\t\t<p><\/p>\n\t<\/div>\n\n\t\n\t<div class=\"contact-det\">\n\t\t<h6><i class=\"fas fa-copyright\"><\/i>HRB Nummer: 237017 B<\/h6>\n\t\t<p><\/p>\n\t<\/div>\n\n\t\n\t<div class=\"contact-det\">\n\t\t<h6><i class=\"fas fa-address-card\"><\/i>USt-IDNr. : ist beantragt<\/h6>\n\t\t<p><\/p>\n\t<\/div>\n\n\t\n\t<div class=\"contact-det\">\n\t\t<h6><i class=\"fas fa-euro-sign\"><\/i>Steuer Nr. : ist beantragt<\/h6>\n\t\t<p><\/p>\n\t<\/div>\n\n<\/div><\/div><\/div><\/div><\/div><\/section><section class=\"wpb_row bg-fixed vc_custom_1676904816997 vc_row-has-fill\"><div class=\"container\"><div class=\"rows\"><div class=\"wpb_column vc_column_container one columns2\" id=\"urheber\" ><div class=\"ak_column-inner\"><div class=\"wpb_wrapper\"><div class=\"vc_separator wpb_content_element vc_separator_align_left vc_sep_width_100 vc_sep_border_width_2 vc_sep_pos_align_left vc_sep_color_grey wpb_animate_when_almost_visible wpb_fadeInDown fadeInDown vc_separator-has-text\" ><span class=\"vc_sep_holder vc_sep_holder_l\"><span  class=\"vc_sep_line\"><\/span><\/span><div class=\"vc_icon_element vc_icon_element-outer vc_icon_element-align-left vc_icon_element-have-style\"><div class=\"vc_icon_element-inner vc_icon_element-color-mulled_wine vc_icon_element-have-style-inner vc_icon_element-size-sm vc_icon_element-style-rounded vc_icon_element-background vc_icon_element-background-color-grey\" ><span class=\"vc_icon_element-icon far fa-copyright\" ><\/span><\/div><\/div><h4>Urheber- und Kennzeichenrecht<\/h4><span class=\"vc_sep_holder vc_sep_holder_r\"><span  class=\"vc_sep_line\"><\/span><\/span>\n<\/div>\n\t<div class=\"wpb_text_column wpb_content_element  wpb_animate_when_almost_visible wpb_fadeInUp fadeInUp\" >\n\t\t<div class=\"wpb_wrapper\">\n\t\t\t<p>Der Autor ist bestrebt, in allen Publikationen die Urheberrechte der verwendeten Bilder, Grafiken, Tondokumente, Videosequenzen und Texte zu beachten, von ihm selbst erstellte Bilder, Grafiken, Tondokumente, Videosequenzen und Texte zu nutzen oder auf lizenzfreie Grafiken, Tondokumente, Videosequenzen und Texte zur\u00fcckzugreifen. Alle innerhalb des Internetangebotes genannten und ggf. durch Dritte gesch\u00fctzten Marken- und Warenzeichen unterliegen uneingeschr\u00e4nkt den Bestimmungen des jeweils g\u00fcltigen Kennzeichenrechts und den Besitzrechten der jeweiligen eingetragenen Eigent\u00fcmer. Allein aufgrund der blo\u00dfen Nennung ist nicht der Schluss zu ziehen, dass Markenzeichen nicht durch Rechte Dritter gesch\u00fctzt sind! Das Copyright f\u00fcr ver\u00f6ffentlichte, vom Autor selbst erstellte Objekte bleibt allein beim Autor der Seiten. Eine Vervielf\u00e4ltigung oder Verwendung solcher Grafiken, Tondokumente, Videosequenzen und Texte in anderen elektronischen oder gedruckten Publikationen ist ohne ausdr\u00fcckliche Zustimmung des Autors nicht gestattet. Inhaltlich verantwortlich gem\u00e4\u00df \u00a7 5 TMG ist Thomas CO Schmidt, Kontaktdaten siehe oben.<\/p>\n\n\t\t<\/div>\n\t<\/div>\n<\/div><\/div><\/div><\/div><\/div><\/section>","protected":false},"excerpt":{"rendered":"Impressum solarIQ GmbH Kurf\u00fcrstendamm 45 10717 Berlin Web: www.solariqde.de E-Mail: backoffice@solariqde.de Tel: 03022011731 Gesch\u00e4ftsf\u00fchrer: Thomas Schmidt Zust\u00e4ndiges Gericht: Amtsgericht Charlottenburg HRB Nummer: 237017 B USt-IDNr. : ist beantragt Steuer Nr. : ist beantragt Urheber- und Kennzeichenrecht Der Autor ist bestrebt, in allen Publikationen die Urheberrechte der verwendeten Bilder, Grafiken, Tondokumente, Videosequenzen und Texte zu beachten, [...]","protected":false},"author":1,"featured_media":0,"parent":0,"menu_order":0,"comment_status":"closed","ping_status":"closed","template":"page-templates\/template-canvas.php","meta":{"footnotes":""},"class_list":["post-930","page","type-page","status-publish","hentry"],"acf":[],"yoast_head":"<!-- This site is optimized with the Yoast SEO Premium plugin v18.7 (Yoast SEO v20.3) - https:\/\/yoast.com\/wordpress\/plugins\/seo\/ -->\n<title>Impressum - solarIQ - Ihr Partner f\u00fcr die Solarbranche<\/title>\n<meta name=\"robots\" content=\"index, follow, max-snippet:-1, max-image-preview:large, max-video-preview:-1\" \/>\n<link rel=\"canonical\" href=\"https:\/\/solariqde.de\/tr\/impressum\/\" \/>\n<meta property=\"og:locale\" content=\"tr_TR\" \/>\n<meta property=\"og:type\" content=\"article\" \/>\n<meta property=\"og:title\" content=\"Impressum\" \/>\n<meta property=\"og:url\" content=\"https:\/\/solariqde.de\/tr\/impressum\/\" \/>\n<meta property=\"og:site_name\" content=\"solarIQ\" \/>\n<meta property=\"article:modified_time\" content=\"2023-04-15T10:48:33+00:00\" \/>\n<meta name=\"twitter:card\" content=\"summary_large_image\" \/>\n<meta name=\"twitter:label1\" content=\"Tahmini okuma s\u00fcresi\" \/>\n\t<meta name=\"twitter:data1\" content=\"2 dakika\" \/>\n<script type=\"application\/ld+json\" class=\"yoast-schema-graph\">{\"@context\":\"https:\/\/schema.org\",\"@graph\":[{\"@type\":\"WebPage\",\"@id\":\"https:\/\/solariqde.de\/impressum\/\",\"url\":\"https:\/\/solariqde.de\/impressum\/\",\"name\":\"Impressum - solarIQ - Ihr Partner f\u00fcr die Solarbranche\",\"isPartOf\":{\"@id\":\"https:\/\/solariqde.de\/#website\"},\"datePublished\":\"2022-06-23T17:55:42+00:00\",\"dateModified\":\"2023-04-15T10:48:33+00:00\",\"breadcrumb\":{\"@id\":\"https:\/\/solariqde.de\/impressum\/#breadcrumb\"},\"inLanguage\":\"tr\",\"potentialAction\":[{\"@type\":\"ReadAction\",\"target\":[\"https:\/\/solariqde.de\/impressum\/\"]}]},{\"@type\":\"BreadcrumbList\",\"@id\":\"https:\/\/solariqde.de\/impressum\/#breadcrumb\",\"itemListElement\":[{\"@type\":\"ListItem\",\"position\":1,\"name\":\"Home\",\"item\":\"https:\/\/solariqde.de\/\"},{\"@type\":\"ListItem\",\"position\":2,\"name\":\"Impressum\"}]},{\"@type\":\"WebSite\",\"@id\":\"https:\/\/solariqde.de\/#website\",\"url\":\"https:\/\/solariqde.de\/\",\"name\":\"solarIQ\",\"description\":\"Ihr Partner f\u00fcr die Solarbranche\",\"publisher\":{\"@id\":\"https:\/\/solariqde.de\/#organization\"},\"potentialAction\":[{\"@type\":\"SearchAction\",\"target\":{\"@type\":\"EntryPoint\",\"urlTemplate\":\"https:\/\/solariqde.de\/?s={search_term_string}\"},\"query-input\":\"required name=search_term_string\"}],\"inLanguage\":\"tr\"},{\"@type\":\"Organization\",\"@id\":\"https:\/\/solariqde.de\/#organization\",\"name\":\"solarIQ GmbH\",\"url\":\"https:\/\/solariqde.de\/\",\"logo\":{\"@type\":\"ImageObject\",\"inLanguage\":\"tr\",\"@id\":\"https:\/\/solariqde.de\/#\/schema\/logo\/image\/\",\"url\":\"https:\/\/serkanaktas.com\/solar\/wp-content\/uploads\/2022\/06\/solariQ-Gray-transparent.png\",\"contentUrl\":\"https:\/\/serkanaktas.com\/solar\/wp-content\/uploads\/2022\/06\/solariQ-Gray-transparent.png\",\"width\":1310,\"height\":300,\"caption\":\"solarIQ GmbH\"},\"image\":{\"@id\":\"https:\/\/solariqde.de\/#\/schema\/logo\/image\/\"}}]}<\/script>\n<!-- \/ Yoast SEO Premium plugin. -->","yoast_head_json":{"title":"Impressum - solarIQ - Ihr Partner f\u00fcr die Solarbranche","robots":{"index":"index","follow":"follow","max-snippet":"max-snippet:-1","max-image-preview":"max-image-preview:large","max-video-preview":"max-video-preview:-1"},"canonical":"https:\/\/solariqde.de\/tr\/impressum\/","og_locale":"tr_TR","og_type":"article","og_title":"Impressum","og_url":"https:\/\/solariqde.de\/tr\/impressum\/","og_site_name":"solarIQ","article_modified_time":"2023-04-15T10:48:33+00:00","twitter_card":"summary_large_image","twitter_misc":{"Tahmini okuma s\u00fcresi":"2 dakika"},"schema":{"@context":"https:\/\/schema.org","@graph":[{"@type":"WebPage","@id":"https:\/\/solariqde.de\/impressum\/","url":"https:\/\/solariqde.de\/impressum\/","name":"Impressum - solarIQ - Ihr Partner f\u00fcr die Solarbranche","isPartOf":{"@id":"https:\/\/solariqde.de\/#website"},"datePublished":"2022-06-23T17:55:42+00:00","dateModified":"2023-04-15T10:48:33+00:00","breadcrumb":{"@id":"https:\/\/solariqde.de\/impressum\/#breadcrumb"},"inLanguage":"tr","potentialAction":[{"@type":"ReadAction","target":["https:\/\/solariqde.de\/impressum\/"]}]},{"@type":"BreadcrumbList","@id":"https:\/\/solariqde.de\/impressum\/#breadcrumb","itemListElement":[{"@type":"ListItem","position":1,"name":"Home","item":"https:\/\/solariqde.de\/"},{"@type":"ListItem","position":2,"name":"Impressum"}]},{"@type":"WebSite","@id":"https:\/\/solariqde.de\/#website","url":"https:\/\/solariqde.de\/","name":"solarIQ","description":"Ihr Partner f\u00fcr die Solarbranche","publisher":{"@id":"https:\/\/solariqde.de\/#organization"},"potentialAction":[{"@type":"SearchAction","target":{"@type":"EntryPoint","urlTemplate":"https:\/\/solariqde.de\/?s={search_term_string}"},"query-input":"required name=search_term_string"}],"inLanguage":"tr"},{"@type":"Organization","@id":"https:\/\/solariqde.de\/#organization","name":"solarIQ GmbH","url":"https:\/\/solariqde.de\/","logo":{"@type":"ImageObject","inLanguage":"tr","@id":"https:\/\/solariqde.de\/#\/schema\/logo\/image\/","url":"https:\/\/serkanaktas.com\/solar\/wp-content\/uploads\/2022\/06\/solariQ-Gray-transparent.png","contentUrl":"https:\/\/serkanaktas.com\/solar\/wp-content\/uploads\/2022\/06\/solariQ-Gray-transparent.png","width":1310,"height":300,"caption":"solarIQ GmbH"},"image":{"@id":"https:\/\/solariqde.de\/#\/schema\/logo\/image\/"}}]}},"_links":{"self":[{"href":"https:\/\/solariqde.de\/tr\/wp-json\/wp\/v2\/pages\/930","targetHints":{"allow":["GET"]}}],"collection":[{"href":"https:\/\/solariqde.de\/tr\/wp-json\/wp\/v2\/pages"}],"about":[{"href":"https:\/\/solariqde.de\/tr\/wp-json\/wp\/v2\/types\/page"}],"author":[{"embeddable":true,"href":"https:\/\/solariqde.de\/tr\/wp-json\/wp\/v2\/users\/1"}],"replies":[{"embeddable":true,"href":"https:\/\/solariqde.de\/tr\/wp-json\/wp\/v2\/comments?post=930"}],"version-history":[{"count":16,"href":"https:\/\/solariqde.de\/tr\/wp-json\/wp\/v2\/pages\/930\/revisions"}],"predecessor-version":[{"id":1388,"href":"https:\/\/solariqde.de\/tr\/wp-json\/wp\/v2\/pages\/930\/revisions\/1388"}],"wp:attachment":[{"href":"https:\/\/solariqde.de\/tr\/wp-json\/wp\/v2\/media?parent=930"}],"curies":[{"name":"wp","href":"https:\/\/api.w.org\/{rel}","templated":true}]}}